{"id":3426,"date":"2025-05-05T13:01:19","date_gmt":"2025-05-05T11:01:19","guid":{"rendered":"https:\/\/bongo.com.pl\/?page_id=3426"},"modified":"2026-03-27T08:36:37","modified_gmt":"2026-03-27T07:36:37","slug":"%d0%bd%d0%b0%d1%88%d1%96-%d0%bf%d0%be%d1%81%d0%bb%d1%83%d0%b3%d0%b8","status":"publish","type":"page","link":"https:\/\/bongo.com.pl\/uk\/%d0%bd%d0%b0%d1%88%d1%96-%d0%bf%d0%be%d1%81%d0%bb%d1%83%d0%b3%d0%b8\/","title":{"rendered":"\u041d\u0430\u0448\u0456 \u043f\u043e\u0441\u043b\u0443\u0433\u0438"},"content":{"rendered":"<p>Organizacja ostatniego po\u017cegnania to zadanie wymagaj\u0105ce wyj\u0105tkowej troski, empatii i profesjonalizmu. W tych trudnych chwilach kluczowe jest zapewnienie rodzinom spokoju i pewno\u015bci, \u017ce wszelkie formalno\u015bci zostan\u0105 przeprowadzone sprawnie i z nale\u017cyt\u0105 staranno\u015bci\u0105.<\/p>\n<p>BONGO Mi\u0119dzynarodowe Us\u0142ugi Pogrzebowe specjalizuje si\u0119 w kompleksowym i bezpiecznym transporcie zw\u0142ok oraz proch\u00f3w z ka\u017cdego zak\u0105tka \u015bwiata. Dzi\u0119ki wieloletniemu do\u015bwiadczeniu oraz znajomo\u015bci mi\u0119dzynarodowych przepis\u00f3w, gwarantujemy szybkie i godne przewiezienie bliskich do ich miejsca ostatniego spoczynku.<\/p>\n<p>Nasz\u0105 misj\u0105 jest wspieranie rodzin w najtrudniejszych momentach, zapewniaj\u0105c pe\u0142en szacunek dla tradycji, indywidualne podej\u015bcie oraz realizacj\u0119 us\u0142ug zgodnie z najwy\u017cszymi standardami. Powierzaj\u0105c nam organizacj\u0119 transportu, mog\u0105 Pa\u0144stwo liczy\u0107 na rzetelno\u015b\u0107, dyskrecj\u0119 i kompleksow\u0105 pomoc na ka\u017cdym etapie.<\/p>\n","protected":false},"excerpt":{"rendered":"<p>Organizacja ostatniego po\u017cegnania to zadanie wymagaj\u0105ce wyj\u0105tkowej troski, empatii i profesjonalizmu. W tych trudnych chwilach kluczowe jest zapewnienie rodzinom spokoju [&hellip;]<\/p>\n","protected":false},"author":1,"featured_media":990,"parent":0,"menu_order":49,"comment_status":"closed","ping_status":"closed","template":"templates\/offer.php","meta":{"_acf_changed":false,"inline_featured_image":false,"footnotes":""},"class_list":["post-3426","page","type-page","status-publish","has-post-thumbnail","hentry"],"acf":[],"_links":{"self":[{"href":"https:\/\/bongo.com.pl\/uk\/wp-json\/wp\/v2\/pages\/3426","targetHints":{"allow":["GET"]}}],"collection":[{"href":"https:\/\/bongo.com.pl\/uk\/wp-json\/wp\/v2\/pages"}],"about":[{"href":"https:\/\/bongo.com.pl\/uk\/wp-json\/wp\/v2\/types\/page"}],"author":[{"embeddable":true,"href":"https:\/\/bongo.com.pl\/uk\/wp-json\/wp\/v2\/users\/1"}],"replies":[{"embeddable":true,"href":"https:\/\/bongo.com.pl\/uk\/wp-json\/wp\/v2\/comments?post=3426"}],"version-history":[{"count":2,"href":"https:\/\/bongo.com.pl\/uk\/wp-json\/wp\/v2\/pages\/3426\/revisions"}],"predecessor-version":[{"id":6588,"href":"https:\/\/bongo.com.pl\/uk\/wp-json\/wp\/v2\/pages\/3426\/revisions\/6588"}],"wp:featuredmedia":[{"embeddable":true,"href":"https:\/\/bongo.com.pl\/uk\/wp-json\/wp\/v2\/media\/990"}],"wp:attachment":[{"href":"https:\/\/bongo.com.pl\/uk\/wp-json\/wp\/v2\/media?parent=3426"}],"curies":[{"name":"wp","href":"https:\/\/api.w.org\/{rel}","templated":true}]}}