{"id":3902,"date":"2025-05-16T11:48:39","date_gmt":"2025-05-16T09:48:39","guid":{"rendered":"https:\/\/bongo.com.pl\/?page_id=3902"},"modified":"2026-03-27T08:35:49","modified_gmt":"2026-03-27T07:35:49","slug":"la-nostra-offerta","status":"publish","type":"page","link":"https:\/\/bongo.com.pl\/it\/la-nostra-offerta\/","title":{"rendered":"La nostra offerta\u2028"},"content":{"rendered":"<p><b>Organizzare l\u2019ultimo addio richiede particolare cura, empatia e professionalit\u00e0. <\/b>In questi momenti difficili, \u00e8 fondamentale garantire alle famiglie serenit\u00e0 e certezza che tutte le pratiche saranno svolte con efficienza e attenzione.<\/p>\n<p><b>BONGO Servizi Funebri Internazionali<\/b> \u00e8 specializzata nel trasporto completo e sicuro di salme e ceneri da qualsiasi parte del mondo. Grazie alla nostra esperienza e alla conoscenza delle normative internazionali, assicuriamo un trasferimento rapido e dignitoso del defunto nel luogo del suo ultimo riposo.<\/p>\n<p>La nostra missione \u00e8 supportare le famiglie nei momenti pi\u00f9 difficili, offrendo rispetto per le tradizioni, un approccio personalizzato e l\u2019esecuzione dei servizi secondo i pi\u00f9 alti standard. Affidandoci l\u2019organizzazione del trasporto, potrete contare su affidabilit\u00e0, discrezione e assistenza completa in ogni fase.<\/p>\n","protected":false},"excerpt":{"rendered":"<p>Organizzare l\u2019ultimo addio richiede particolare cura, empatia e professionalit\u00e0. In questi momenti difficili, \u00e8 fondamentale garantire alle famiglie serenit\u00e0 e [&hellip;]<\/p>\n","protected":false},"author":1,"featured_media":987,"parent":0,"menu_order":49,"comment_status":"closed","ping_status":"closed","template":"templates\/offer.php","meta":{"_acf_changed":false,"inline_featured_image":false,"footnotes":""},"class_list":["post-3902","page","type-page","status-publish","has-post-thumbnail","hentry"],"acf":[],"_links":{"self":[{"href":"https:\/\/bongo.com.pl\/it\/wp-json\/wp\/v2\/pages\/3902","targetHints":{"allow":["GET"]}}],"collection":[{"href":"https:\/\/bongo.com.pl\/it\/wp-json\/wp\/v2\/pages"}],"about":[{"href":"https:\/\/bongo.com.pl\/it\/wp-json\/wp\/v2\/types\/page"}],"author":[{"embeddable":true,"href":"https:\/\/bongo.com.pl\/it\/wp-json\/wp\/v2\/users\/1"}],"replies":[{"embeddable":true,"href":"https:\/\/bongo.com.pl\/it\/wp-json\/wp\/v2\/comments?post=3902"}],"version-history":[{"count":4,"href":"https:\/\/bongo.com.pl\/it\/wp-json\/wp\/v2\/pages\/3902\/revisions"}],"predecessor-version":[{"id":6585,"href":"https:\/\/bongo.com.pl\/it\/wp-json\/wp\/v2\/pages\/3902\/revisions\/6585"}],"wp:featuredmedia":[{"embeddable":true,"href":"https:\/\/bongo.com.pl\/it\/wp-json\/wp\/v2\/media\/987"}],"wp:attachment":[{"href":"https:\/\/bongo.com.pl\/it\/wp-json\/wp\/v2\/media?parent=3902"}],"curies":[{"name":"wp","href":"https:\/\/api.w.org\/{rel}","templated":true}]}}