{"id":3038,"date":"2025-04-14T16:54:58","date_gmt":"2025-04-14T14:54:58","guid":{"rendered":"https:\/\/bongo.com.pl\/?page_id=3038"},"modified":"2025-04-14T16:55:24","modified_gmt":"2025-04-14T14:55:24","slug":"nous-avons-rapatrie","status":"publish","type":"page","link":"https:\/\/bongo.com.pl\/fr\/nous-avons-rapatrie\/","title":{"rendered":"Nous avons rapatri\u00e9\u2028"},"content":{"rendered":"<p>D\u00e9couvrez les personnalit\u00e9s c\u00e9l\u00e8bres qui, gr\u00e2ce \u00e0 nos services, ont pu reposer dans leur pays d&rsquo;origine.<\/p>\n","protected":false},"excerpt":{"rendered":"<p>D\u00e9couvrez les personnalit\u00e9s c\u00e9l\u00e8bres qui, gr\u00e2ce \u00e0 nos services, ont pu reposer dans leur pays d&rsquo;origine.<\/p>\n","protected":false},"author":1,"featured_media":0,"parent":0,"menu_order":52,"comment_status":"closed","ping_status":"closed","template":"","meta":{"_acf_changed":false,"inline_featured_image":false,"footnotes":""},"class_list":["post-3038","page","type-page","status-publish","hentry"],"acf":[],"_links":{"self":[{"href":"https:\/\/bongo.com.pl\/fr\/wp-json\/wp\/v2\/pages\/3038","targetHints":{"allow":["GET"]}}],"collection":[{"href":"https:\/\/bongo.com.pl\/fr\/wp-json\/wp\/v2\/pages"}],"about":[{"href":"https:\/\/bongo.com.pl\/fr\/wp-json\/wp\/v2\/types\/page"}],"author":[{"embeddable":true,"href":"https:\/\/bongo.com.pl\/fr\/wp-json\/wp\/v2\/users\/1"}],"replies":[{"embeddable":true,"href":"https:\/\/bongo.com.pl\/fr\/wp-json\/wp\/v2\/comments?post=3038"}],"version-history":[{"count":2,"href":"https:\/\/bongo.com.pl\/fr\/wp-json\/wp\/v2\/pages\/3038\/revisions"}],"predecessor-version":[{"id":3040,"href":"https:\/\/bongo.com.pl\/fr\/wp-json\/wp\/v2\/pages\/3038\/revisions\/3040"}],"wp:attachment":[{"href":"https:\/\/bongo.com.pl\/fr\/wp-json\/wp\/v2\/media?parent=3038"}],"curies":[{"name":"wp","href":"https:\/\/api.w.org\/{rel}","templated":true}]}}