{"id":2989,"date":"2025-04-14T15:03:52","date_gmt":"2025-04-14T13:03:52","guid":{"rendered":"https:\/\/bongo.com.pl\/?page_id=2989"},"modified":"2025-04-14T15:04:09","modified_gmt":"2025-04-14T13:04:09","slug":"contactez-nous","status":"publish","type":"page","link":"https:\/\/bongo.com.pl\/fr\/contactez-nous\/","title":{"rendered":"Contactez-nous\u2028"},"content":{"rendered":"<p>Les employ\u00e9s de BONGO sont \u00e0 votre disposition 24 heures sur 24, 7 jours sur 7. Si vous avez besoin d&rsquo;aide pour organiser un transport international ou si vous avez des questions concernant nos services, n&rsquo;h\u00e9sitez pas \u00e0 nous contacter par t\u00e9l\u00e9phone ou par e-mail. Nous garantissons un soutien total et une assistance \u00e0 chaque \u00e9tape.<\/p>\n","protected":false},"excerpt":{"rendered":"<p>Les employ\u00e9s de BONGO sont \u00e0 votre disposition 24 heures sur 24, 7 jours sur 7. Si vous avez besoin [&hellip;]<\/p>\n","protected":false},"author":1,"featured_media":817,"parent":0,"menu_order":14,"comment_status":"closed","ping_status":"closed","template":"templates\/contact.php","meta":{"_acf_changed":false,"inline_featured_image":false,"footnotes":""},"class_list":["post-2989","page","type-page","status-publish","has-post-thumbnail","hentry"],"acf":[],"_links":{"self":[{"href":"https:\/\/bongo.com.pl\/fr\/wp-json\/wp\/v2\/pages\/2989","targetHints":{"allow":["GET"]}}],"collection":[{"href":"https:\/\/bongo.com.pl\/fr\/wp-json\/wp\/v2\/pages"}],"about":[{"href":"https:\/\/bongo.com.pl\/fr\/wp-json\/wp\/v2\/types\/page"}],"author":[{"embeddable":true,"href":"https:\/\/bongo.com.pl\/fr\/wp-json\/wp\/v2\/users\/1"}],"replies":[{"embeddable":true,"href":"https:\/\/bongo.com.pl\/fr\/wp-json\/wp\/v2\/comments?post=2989"}],"version-history":[{"count":3,"href":"https:\/\/bongo.com.pl\/fr\/wp-json\/wp\/v2\/pages\/2989\/revisions"}],"predecessor-version":[{"id":2992,"href":"https:\/\/bongo.com.pl\/fr\/wp-json\/wp\/v2\/pages\/2989\/revisions\/2992"}],"wp:featuredmedia":[{"embeddable":true,"href":"https:\/\/bongo.com.pl\/fr\/wp-json\/wp\/v2\/media\/817"}],"wp:attachment":[{"href":"https:\/\/bongo.com.pl\/fr\/wp-json\/wp\/v2\/media?parent=2989"}],"curies":[{"name":"wp","href":"https:\/\/api.w.org\/{rel}","templated":true}]}}