{"id":2985,"date":"2025-04-14T14:19:03","date_gmt":"2025-04-14T12:19:03","guid":{"rendered":"https:\/\/bongo.com.pl\/?page_id=2985"},"modified":"2026-03-27T08:35:15","modified_gmt":"2026-03-27T07:35:15","slug":"notre-offre","status":"publish","type":"page","link":"https:\/\/bongo.com.pl\/fr\/notre-offre\/","title":{"rendered":"Notre offre"},"content":{"rendered":"<p>L&rsquo;organisation des adieux est une t\u00e2che n\u00e9cessitant une attention particuli\u00e8re, de l&#8217;empathie et du professionnalisme. En ces moments difficiles, il est essentiel de garantir aux familles la tranquillit\u00e9 d&rsquo;esprit et la certitude que toutes les formalit\u00e9s seront effectu\u00e9es de mani\u00e8re fluide et minutieuse.<\/p>\n<p>Bongo Services Fun\u00e9raires Internationaux se sp\u00e9cialise dans le transport complet et s\u00e9curis\u00e9 des corps et des cendres depuis chaque coin du monde. Gr\u00e2ce \u00e0 notre exp\u00e9rience de longue date et \u00e0 notre connaissance des r\u00e8glements internationaux, nous garantissons un transport rapide et respectueux des proches jusqu&rsquo;\u00e0 leur dernier lieu de repos.<\/p>\n<p>Notre mission est de soutenir les familles dans les moments les plus difficiles, en offrant un grand respect pour les traditions, une approche personnalis\u00e9e et des services conformes aux plus hauts standards. En nous confiant l&rsquo;organisation du transport, vous pouvez compter sur notre fiabilit\u00e9, discr\u00e9tion et aide compl\u00e8te \u00e0 chaque \u00e9tape.<\/p>\n","protected":false},"excerpt":{"rendered":"<p>L&rsquo;organisation des adieux est une t\u00e2che n\u00e9cessitant une attention particuli\u00e8re, de l&#8217;empathie et du professionnalisme. En ces moments difficiles, il [&hellip;]<\/p>\n","protected":false},"author":1,"featured_media":985,"parent":0,"menu_order":49,"comment_status":"closed","ping_status":"closed","template":"templates\/offer.php","meta":{"_acf_changed":false,"inline_featured_image":false,"footnotes":""},"class_list":["post-2985","page","type-page","status-publish","has-post-thumbnail","hentry"],"acf":[],"_links":{"self":[{"href":"https:\/\/bongo.com.pl\/fr\/wp-json\/wp\/v2\/pages\/2985","targetHints":{"allow":["GET"]}}],"collection":[{"href":"https:\/\/bongo.com.pl\/fr\/wp-json\/wp\/v2\/pages"}],"about":[{"href":"https:\/\/bongo.com.pl\/fr\/wp-json\/wp\/v2\/types\/page"}],"author":[{"embeddable":true,"href":"https:\/\/bongo.com.pl\/fr\/wp-json\/wp\/v2\/users\/1"}],"replies":[{"embeddable":true,"href":"https:\/\/bongo.com.pl\/fr\/wp-json\/wp\/v2\/comments?post=2985"}],"version-history":[{"count":5,"href":"https:\/\/bongo.com.pl\/fr\/wp-json\/wp\/v2\/pages\/2985\/revisions"}],"predecessor-version":[{"id":6583,"href":"https:\/\/bongo.com.pl\/fr\/wp-json\/wp\/v2\/pages\/2985\/revisions\/6583"}],"wp:featuredmedia":[{"embeddable":true,"href":"https:\/\/bongo.com.pl\/fr\/wp-json\/wp\/v2\/media\/985"}],"wp:attachment":[{"href":"https:\/\/bongo.com.pl\/fr\/wp-json\/wp\/v2\/media?parent=2985"}],"curies":[{"name":"wp","href":"https:\/\/api.w.org\/{rel}","templated":true}]}}