{"id":3205,"date":"2025-04-15T14:43:42","date_gmt":"2025-04-15T12:43:42","guid":{"rendered":"https:\/\/bongo.com.pl\/?page_id=3205"},"modified":"2025-04-15T14:43:57","modified_gmt":"2025-04-15T12:43:57","slug":"contactanos","status":"publish","type":"page","link":"https:\/\/bongo.com.pl\/es\/contactanos\/","title":{"rendered":"Cont\u00e1ctanos"},"content":{"rendered":"<p>El equipo de BONGO Servicios Funerarios Internacionales est\u00e1 disponible las 24 horas del d\u00eda, los 7 d\u00edas de la semana. Si necesitas ayuda con la organizaci\u00f3n del transporte internacional o tienes preguntas sobre nuestros servicios, no dudes en contactarnos por tel\u00e9fono o correo electr\u00f3nico. Garantizamos apoyo total en cada etapa del proceso.<\/p>\n","protected":false},"excerpt":{"rendered":"<p>El equipo de BONGO Servicios Funerarios Internacionales est\u00e1 disponible las 24 horas del d\u00eda, los 7 d\u00edas de la semana. [&hellip;]<\/p>\n","protected":false},"author":1,"featured_media":821,"parent":0,"menu_order":13,"comment_status":"closed","ping_status":"closed","template":"templates\/contact.php","meta":{"_acf_changed":false,"inline_featured_image":false,"footnotes":""},"class_list":["post-3205","page","type-page","status-publish","has-post-thumbnail","hentry"],"acf":[],"_links":{"self":[{"href":"https:\/\/bongo.com.pl\/es\/wp-json\/wp\/v2\/pages\/3205","targetHints":{"allow":["GET"]}}],"collection":[{"href":"https:\/\/bongo.com.pl\/es\/wp-json\/wp\/v2\/pages"}],"about":[{"href":"https:\/\/bongo.com.pl\/es\/wp-json\/wp\/v2\/types\/page"}],"author":[{"embeddable":true,"href":"https:\/\/bongo.com.pl\/es\/wp-json\/wp\/v2\/users\/1"}],"replies":[{"embeddable":true,"href":"https:\/\/bongo.com.pl\/es\/wp-json\/wp\/v2\/comments?post=3205"}],"version-history":[{"count":2,"href":"https:\/\/bongo.com.pl\/es\/wp-json\/wp\/v2\/pages\/3205\/revisions"}],"predecessor-version":[{"id":3207,"href":"https:\/\/bongo.com.pl\/es\/wp-json\/wp\/v2\/pages\/3205\/revisions\/3207"}],"wp:featuredmedia":[{"embeddable":true,"href":"https:\/\/bongo.com.pl\/es\/wp-json\/wp\/v2\/media\/821"}],"wp:attachment":[{"href":"https:\/\/bongo.com.pl\/es\/wp-json\/wp\/v2\/media?parent=3205"}],"curies":[{"name":"wp","href":"https:\/\/api.w.org\/{rel}","templated":true}]}}