{"id":3200,"date":"2025-04-15T14:36:33","date_gmt":"2025-04-15T12:36:33","guid":{"rendered":"https:\/\/bongo.com.pl\/?page_id=3200"},"modified":"2026-03-27T08:36:21","modified_gmt":"2026-03-27T07:36:21","slug":"nuestra-oferta","status":"publish","type":"page","link":"https:\/\/bongo.com.pl\/es\/nuestra-oferta\/","title":{"rendered":"Nuestra oferta"},"content":{"rendered":"<p>La organizaci\u00f3n del \u00faltimo adi\u00f3s requiere un cuidado excepcional, empat\u00eda y profesionalismo. En estos momentos dif\u00edciles, es clave proporcionar a las familias tranquilidad y la certeza de que todos los tr\u00e1mites ser\u00e1n llevados a cabo de manera eficiente y con la debida diligencia.<\/p>\n<p>BONGO Servicios Funerarios Internacionales se especializa en el transporte seguro y completo de restos y cenizas desde cualquier rinc\u00f3n del mundo. Gracias a nuestros a\u00f1os de experiencia y conocimiento de las normativas internacionales, garantizamos el traslado r\u00e1pido y digno de sus seres queridos a su lugar de descanso final.<\/p>\n<p>Nuestra misi\u00f3n es apoyar a las familias en los momentos m\u00e1s dif\u00edciles, brindando pleno respeto por las tradiciones, un enfoque individual y la prestaci\u00f3n de servicios seg\u00fan los m\u00e1s altos est\u00e1ndares. Al confiarnos la organizaci\u00f3n del transporte, pueden contar con fiabilidad, discreci\u00f3n y asistencia completa en cada etapa.<\/p>\n","protected":false},"excerpt":{"rendered":"<p>La organizaci\u00f3n del \u00faltimo adi\u00f3s requiere un cuidado excepcional, empat\u00eda y profesionalismo. En estos momentos dif\u00edciles, es clave proporcionar a [&hellip;]<\/p>\n","protected":false},"author":1,"featured_media":989,"parent":0,"menu_order":49,"comment_status":"closed","ping_status":"closed","template":"templates\/offer.php","meta":{"_acf_changed":false,"inline_featured_image":false,"footnotes":""},"class_list":["post-3200","page","type-page","status-publish","has-post-thumbnail","hentry"],"acf":[],"_links":{"self":[{"href":"https:\/\/bongo.com.pl\/es\/wp-json\/wp\/v2\/pages\/3200","targetHints":{"allow":["GET"]}}],"collection":[{"href":"https:\/\/bongo.com.pl\/es\/wp-json\/wp\/v2\/pages"}],"about":[{"href":"https:\/\/bongo.com.pl\/es\/wp-json\/wp\/v2\/types\/page"}],"author":[{"embeddable":true,"href":"https:\/\/bongo.com.pl\/es\/wp-json\/wp\/v2\/users\/1"}],"replies":[{"embeddable":true,"href":"https:\/\/bongo.com.pl\/es\/wp-json\/wp\/v2\/comments?post=3200"}],"version-history":[{"count":5,"href":"https:\/\/bongo.com.pl\/es\/wp-json\/wp\/v2\/pages\/3200\/revisions"}],"predecessor-version":[{"id":6587,"href":"https:\/\/bongo.com.pl\/es\/wp-json\/wp\/v2\/pages\/3200\/revisions\/6587"}],"wp:featuredmedia":[{"embeddable":true,"href":"https:\/\/bongo.com.pl\/es\/wp-json\/wp\/v2\/media\/989"}],"wp:attachment":[{"href":"https:\/\/bongo.com.pl\/es\/wp-json\/wp\/v2\/media?parent=3200"}],"curies":[{"name":"wp","href":"https:\/\/api.w.org\/{rel}","templated":true}]}}