{"id":3126,"date":"2025-04-15T11:10:08","date_gmt":"2025-04-15T09:10:08","guid":{"rendered":"https:\/\/bongo.com.pl\/?page_id=3126"},"modified":"2025-04-15T11:10:35","modified_gmt":"2025-04-15T09:10:35","slug":"wir-haben-ueberfuehrt","status":"publish","type":"page","link":"https:\/\/bongo.com.pl\/de\/wir-haben-ueberfuehrt\/","title":{"rendered":"Wir haben \u00fcberf\u00fchrt"},"content":{"rendered":"<p>Erfahren Sie mehr \u00fcber bekannte Pers\u00f6nlichkeiten, die dank unserer Dienstleistungen in ihrer Heimat ihre letzte Ruhe finden konnten.<\/p>\n","protected":false},"excerpt":{"rendered":"<p>Erfahren Sie mehr \u00fcber bekannte Pers\u00f6nlichkeiten, die dank unserer Dienstleistungen in ihrer Heimat ihre letzte Ruhe finden konnten.<\/p>\n","protected":false},"author":1,"featured_media":0,"parent":0,"menu_order":245,"comment_status":"closed","ping_status":"closed","template":"","meta":{"_acf_changed":false,"inline_featured_image":false,"footnotes":""},"class_list":["post-3126","page","type-page","status-publish","hentry"],"acf":[],"_links":{"self":[{"href":"https:\/\/bongo.com.pl\/de\/wp-json\/wp\/v2\/pages\/3126","targetHints":{"allow":["GET"]}}],"collection":[{"href":"https:\/\/bongo.com.pl\/de\/wp-json\/wp\/v2\/pages"}],"about":[{"href":"https:\/\/bongo.com.pl\/de\/wp-json\/wp\/v2\/types\/page"}],"author":[{"embeddable":true,"href":"https:\/\/bongo.com.pl\/de\/wp-json\/wp\/v2\/users\/1"}],"replies":[{"embeddable":true,"href":"https:\/\/bongo.com.pl\/de\/wp-json\/wp\/v2\/comments?post=3126"}],"version-history":[{"count":2,"href":"https:\/\/bongo.com.pl\/de\/wp-json\/wp\/v2\/pages\/3126\/revisions"}],"predecessor-version":[{"id":3128,"href":"https:\/\/bongo.com.pl\/de\/wp-json\/wp\/v2\/pages\/3126\/revisions\/3128"}],"wp:attachment":[{"href":"https:\/\/bongo.com.pl\/de\/wp-json\/wp\/v2\/media?parent=3126"}],"curies":[{"name":"wp","href":"https:\/\/api.w.org\/{rel}","templated":true}]}}