{"id":3074,"date":"2025-04-15T09:54:18","date_gmt":"2025-04-15T07:54:18","guid":{"rendered":"https:\/\/bongo.com.pl\/?page_id=3074"},"modified":"2026-03-27T08:35:33","modified_gmt":"2026-03-27T07:35:33","slug":"unser-angebot","status":"publish","type":"page","link":"https:\/\/bongo.com.pl\/de\/unser-angebot\/","title":{"rendered":"Unser Angebot"},"content":{"rendered":"<p>Die Organisation des letzten Abschieds erfordert besondere F\u00fcrsorge, Empathie und Professionalit\u00e4t. In diesen schweren Momenten ist es entscheidend, den Familien Ruhe und die Gewissheit zu geben, dass alle Formalit\u00e4ten reibungslos und mit gr\u00f6\u00dfter Sorgfalt erledigt werden.<\/p>\n<p>BONGO Internationale Bestattungsdienste ist auf den sicheren und umfassenden Transport von Verstorbenen und Asche aus allen Teilen der Welt spezialisiert. Dank langj\u00e4hriger Erfahrung und Kenntnis internationaler Vorschriften garantieren wir eine schnelle und w\u00fcrdevolle \u00dcberf\u00fchrung Ihrer Angeh\u00f6rigen an ihre letzte Ruhest\u00e4tte.<\/p>\n<p>Unsere Mission ist es, Familien in den schwierigsten Zeiten zu unterst\u00fctzen \u2013 mit Respekt vor Traditionen, einem individuellen Ansatz und der Durchf\u00fchrung unserer Leistungen nach h\u00f6chsten Standards. Wenn Sie uns mit der Organisation des Transports betrauen, k\u00f6nnen Sie sich auf Zuverl\u00e4ssigkeit, Diskretion und umfassende Hilfe in jeder Phase verlassen.<\/p>\n","protected":false},"excerpt":{"rendered":"<p>Die Organisation des letzten Abschieds erfordert besondere F\u00fcrsorge, Empathie und Professionalit\u00e4t. In diesen schweren Momenten ist es entscheidend, den Familien [&hellip;]<\/p>\n","protected":false},"author":1,"featured_media":986,"parent":0,"menu_order":49,"comment_status":"closed","ping_status":"closed","template":"templates\/offer.php","meta":{"_acf_changed":false,"inline_featured_image":false,"footnotes":""},"class_list":["post-3074","page","type-page","status-publish","has-post-thumbnail","hentry"],"acf":[],"_links":{"self":[{"href":"https:\/\/bongo.com.pl\/de\/wp-json\/wp\/v2\/pages\/3074","targetHints":{"allow":["GET"]}}],"collection":[{"href":"https:\/\/bongo.com.pl\/de\/wp-json\/wp\/v2\/pages"}],"about":[{"href":"https:\/\/bongo.com.pl\/de\/wp-json\/wp\/v2\/types\/page"}],"author":[{"embeddable":true,"href":"https:\/\/bongo.com.pl\/de\/wp-json\/wp\/v2\/users\/1"}],"replies":[{"embeddable":true,"href":"https:\/\/bongo.com.pl\/de\/wp-json\/wp\/v2\/comments?post=3074"}],"version-history":[{"count":6,"href":"https:\/\/bongo.com.pl\/de\/wp-json\/wp\/v2\/pages\/3074\/revisions"}],"predecessor-version":[{"id":6584,"href":"https:\/\/bongo.com.pl\/de\/wp-json\/wp\/v2\/pages\/3074\/revisions\/6584"}],"wp:featuredmedia":[{"embeddable":true,"href":"https:\/\/bongo.com.pl\/de\/wp-json\/wp\/v2\/media\/986"}],"wp:attachment":[{"href":"https:\/\/bongo.com.pl\/de\/wp-json\/wp\/v2\/media?parent=3074"}],"curies":[{"name":"wp","href":"https:\/\/api.w.org\/{rel}","templated":true}]}}